{"id":65,"date":"2022-03-09T23:12:04","date_gmt":"2022-03-09T23:12:04","guid":{"rendered":"https:\/\/hostalduran.es\/?page_id=65"},"modified":"2022-03-10T20:00:15","modified_gmt":"2022-03-10T20:00:15","slug":"contacto","status":"publish","type":"page","link":"https:\/\/hostalduran.es\/en\/contacto\/","title":{"rendered":"CONTACT"},"content":{"rendered":"<div data-elementor-type=\"wp-page\" data-elementor-id=\"65\" class=\"elementor elementor-65\">\n\t\t\t\t\t\t<section class=\"elementor-section elementor-top-section elementor-element elementor-element-41c9694 elementor-section-boxed elementor-section-height-default elementor-section-height-default\" data-id=\"41c9694\" data-element_type=\"section\">\n\t\t\t\t\t\t<div class=\"elementor-container elementor-column-gap-default\">\n\t\t\t\t\t<div class=\"elementor-column elementor-col-100 elementor-top-column elementor-element elementor-element-0ba9964\" data-id=\"0ba9964\" data-element_type=\"column\">\n\t\t\t<div class=\"elementor-widget-wrap elementor-element-populated\">\n\t\t\t\t\t\t<div class=\"elementor-element elementor-element-cfe2052 elementor-widget elementor-widget-text-editor\" data-id=\"cfe2052\" data-element_type=\"widget\" data-widget_type=\"text-editor.default\">\n\t\t\t\t<div class=\"elementor-widget-container\">\n\t\t\t\t\t\t\t<div id=\"page-zones__main-widgets__5e4b2567d52a2-widgets__5e4bed017a811\" class=\"widget widget--zone-widget js-widget\" style=\"position: relative; margin-top: 20px; color: #000000; font-size: 18px;\" data-name=\"content\" data-uniqueid=\"ALIl5M7Qs7UlXIH\" data-parentuniqueid=\"zcFOEQ5AhcGqWEy\"><div class=\"bk-content-text content widget__content wysihtml-editor-content\" style=\"word-break: break-word; overflow-wrap: break-word; hyphens: none; position: relative;\"><h3 style=\"margin-right: 0px; margin-bottom: 0px; margin-left: 0px; font-family: 'Unica One', sans-serif; font-size: 38px; letter-spacing: -1px; color: #1f1f1f; fill: #1f1f1f;\"><span style=\"color: #000000;\"><span class=\"wysiwyg-font-size-36\" style=\"font-size: 36px; line-height: inherit;\">Number phone<\/span><\/span><span style=\"color: #000000;\"><span class=\"wysiwyg-font-size-36\" style=\"font-size: 36px; line-height: inherit;\">:<\/span><\/span><\/h3><\/div><\/div><div id=\"page-zones__main-widgets__5e4b2567d52a2-widgets__5e4b25680455d\" class=\"widget widget--zone-widget js-widget\" style=\"position: relative; margin-top: 15px; color: #000000; font-size: 18px;\" data-name=\"clicktocall\" data-uniqueid=\"m9VCxkdCXiW6tN3\" data-parentuniqueid=\"zcFOEQ5AhcGqWEy\"><div class=\"bk-clicktocall clicktocall widget__clicktocall\"><a class=\"phone-number-link icon icon--phone clicktocall__phone-number-link italic bold\" style=\"overflow-wrap: break-word; word-break: break-word; hyphens: none; font-style: italic; display: inline-flex; flex-wrap: nowrap; font-size: 24px; letter-spacing: 0px; line-height: 1.85; color: rgba(31, 31, 31, 0.75);\" href=\"tel:( 34) 952 49 66 42\"><span class=\"label clicktocall__label\">952 49 66 42<\/span><\/a><\/div><\/div>\t\t\t\t\t\t<\/div>\n\t\t\t\t<\/div>\n\t\t\t\t<div class=\"elementor-element elementor-element-5085843 elementor-widget elementor-widget-shortcode\" data-id=\"5085843\" data-element_type=\"widget\" data-widget_type=\"shortcode.default\">\n\t\t\t\t<div class=\"elementor-widget-container\">\n\t\t\t\t\t<div class=\"elementor-shortcode\">\n<div class=\"wpcf7 no-js\" id=\"wpcf7-f120-o1\" lang=\"es-ES\" dir=\"ltr\">\n<div class=\"screen-reader-response\"><p role=\"status\" aria-live=\"polite\" aria-atomic=\"true\"><\/p> <ul><\/ul><\/div>\n<form action=\"\/en\/wp-json\/wp\/v2\/pages\/65#wpcf7-f120-o1\" method=\"post\" class=\"wpcf7-form init\" aria-label=\"Formulario de contacto\" novalidate=\"novalidate\" data-status=\"init\" data-trp-original-action=\"\/en\/wp-json\/wp\/v2\/pages\/65#wpcf7-f120-o1\">\n<div style=\"display: none;\">\n<input type=\"hidden\" name=\"_wpcf7\" value=\"120\" \/>\n<input type=\"hidden\" name=\"_wpcf7_version\" value=\"5.9.8\" \/>\n<input type=\"hidden\" name=\"_wpcf7_locale\" value=\"es_ES\" \/>\n<input type=\"hidden\" name=\"_wpcf7_unit_tag\" value=\"wpcf7-f120-o1\" \/>\n<input type=\"hidden\" name=\"_wpcf7_container_post\" value=\"0\" \/>\n<input type=\"hidden\" name=\"_wpcf7_posted_data_hash\" value=\"\" \/>\n<\/div>\n<p><label> Email<br \/>\n<span class=\"wpcf7-form-control-wrap\" data-name=\"your-email\"><input size=\"40\" maxlength=\"400\" class=\"wpcf7-form-control wpcf7-email wpcf7-validates-as-required wpcf7-text wpcf7-validates-as-email\" aria-required=\"true\" aria-invalid=\"false\" value=\"\" type=\"email\" name=\"your-email\" \/><\/span> <\/label>\n<\/p>\n<p><label> Your message<br \/>\n<span class=\"wpcf7-form-control-wrap\" data-name=\"your-message\"><textarea cols=\"40\" rows=\"10\" maxlength=\"2000\" class=\"wpcf7-form-control wpcf7-textarea wpcf7-validates-as-required\" aria-required=\"true\" aria-invalid=\"false\" name=\"your-message\"><\/textarea><\/span> <\/label>\n<\/p>\n<p><input class=\"wpcf7-form-control wpcf7-submit has-spinner\" type=\"submit\" value=\"Send\" \/>\n<\/p><div class=\"wpcf7-response-output\" aria-hidden=\"true\"><\/div>\n<input type=\"hidden\" name=\"trp-form-language\" value=\"en\"\/><\/form>\n<\/div>\n<\/div>\n\t\t\t\t<\/div>\n\t\t\t\t<\/div>\n\t\t\t\t\t<\/div>\n\t\t<\/div>\n\t\t\t\t\t<\/div>\n\t\t<\/section>\n\t\t\t\t<section class=\"elementor-section elementor-top-section elementor-element elementor-element-7033020 elementor-section-boxed elementor-section-height-default elementor-section-height-default\" data-id=\"7033020\" data-element_type=\"section\">\n\t\t\t\t\t\t<div class=\"elementor-container elementor-column-gap-default\">\n\t\t\t\t\t<div class=\"elementor-column elementor-col-100 elementor-top-column elementor-element elementor-element-7a9eecd\" data-id=\"7a9eecd\" data-element_type=\"column\">\n\t\t\t<div class=\"elementor-widget-wrap elementor-element-populated\">\n\t\t\t\t\t\t<div class=\"elementor-element elementor-element-23a1e11 elementor-widget elementor-widget-text-editor\" data-id=\"23a1e11\" data-element_type=\"widget\" data-widget_type=\"text-editor.default\">\n\t\t\t\t<div class=\"elementor-widget-container\">\n\t\t\t\t\t\t\t<h3 style=\"margin-right: 0px; margin-bottom: 0px; margin-left: 0px; font-family: 'Unica One', sans-serif; font-size: 38px; letter-spacing: -1px; color: #1f1f1f; fill: #1f1f1f;\"><span style=\"color: #000000;\">Our location<\/span><\/h3>\t\t\t\t\t\t<\/div>\n\t\t\t\t<\/div>\n\t\t\t\t<div class=\"elementor-element elementor-element-1bd8022 elementor-widget elementor-widget-google_maps\" data-id=\"1bd8022\" data-element_type=\"widget\" data-widget_type=\"google_maps.default\">\n\t\t\t\t<div class=\"elementor-widget-container\">\n\t\t\t\t\t<div class=\"elementor-custom-embed\">\n\t\t\t<iframe loading=\"lazy\"\n\t\t\t\t\tsrc=\"https:\/\/maps.google.com\/maps?q=Hostal%20Dur%C3%A1n%2C%20Calle%20la%20Parra%2C%20%C3%81lora%2C%20Espa%C3%B1a&#038;t=m&#038;z=18&#038;output=embed&#038;iwloc=near\"\n\t\t\t\t\ttitle=\"Hostal Dur\u00e1n, Calle la Parra, \u00c1lora, Espa\u00f1a\"\n\t\t\t\t\taria-label=\"Hostal Dur\u00e1n, Calle la Parra, \u00c1lora, Espa\u00f1a\"\n\t\t\t><\/iframe>\n\t\t<\/div>\n\t\t\t\t<\/div>\n\t\t\t\t<\/div>\n\t\t\t\t\t<\/div>\n\t\t<\/div>\n\t\t\t\t\t<\/div>\n\t\t<\/section>\n\t\t\t\t<\/div>","protected":false},"excerpt":{"rendered":"<p>T\u00e9lefono: 952 49 66 42 Nuestra Ubicaci\u00f3n:<\/p>","protected":false},"author":2,"featured_media":0,"parent":0,"menu_order":0,"comment_status":"closed","ping_status":"closed","template":"","meta":{"om_disable_all_campaigns":false,"_monsterinsights_skip_tracking":false,"_monsterinsights_sitenote_active":false,"_monsterinsights_sitenote_note":"","_monsterinsights_sitenote_category":0,"_uf_show_specific_survey":0,"_uf_disable_surveys":false,"footnotes":""},"class_list":["post-65","page","type-page","status-publish","hentry"],"aioseo_notices":[],"_links":{"self":[{"href":"https:\/\/hostalduran.es\/en\/wp-json\/wp\/v2\/pages\/65","targetHints":{"allow":["GET"]}}],"collection":[{"href":"https:\/\/hostalduran.es\/en\/wp-json\/wp\/v2\/pages"}],"about":[{"href":"https:\/\/hostalduran.es\/en\/wp-json\/wp\/v2\/types\/page"}],"author":[{"embeddable":true,"href":"https:\/\/hostalduran.es\/en\/wp-json\/wp\/v2\/users\/2"}],"replies":[{"embeddable":true,"href":"https:\/\/hostalduran.es\/en\/wp-json\/wp\/v2\/comments?post=65"}],"version-history":[{"count":16,"href":"https:\/\/hostalduran.es\/en\/wp-json\/wp\/v2\/pages\/65\/revisions"}],"predecessor-version":[{"id":134,"href":"https:\/\/hostalduran.es\/en\/wp-json\/wp\/v2\/pages\/65\/revisions\/134"}],"wp:attachment":[{"href":"https:\/\/hostalduran.es\/en\/wp-json\/wp\/v2\/media?parent=65"}],"curies":[{"name":"wp","href":"https:\/\/api.w.org\/{rel}","templated":true}]}}